{"id":14278,"date":"2022-02-16T11:43:53","date_gmt":"2022-02-16T10:43:53","guid":{"rendered":"https:\/\/digitaljustice.test.uwr.edu.pl\/?page_id=13082"},"modified":"2023-12-14T17:39:36","modified_gmt":"2023-12-14T16:39:36","slug":"kamil-sobanski","status":"publish","type":"page","link":"https:\/\/clest.uwr.edu.pl\/en\/affiliated-researchers\/kamil-sobanski\/","title":{"rendered":"Kamil Soba\u0144ski"},"content":{"rendered":"\n<div class=\"wp-block-ugb-container ugb-container ugb-8dda971 ugb-container--v2 ugb-container--design-plain ugb-main-block\"><div class=\"ugb-inner-block\"><div class=\"ugb-block-content\"><div class=\"ugb-container__wrapper ugb-8dda971-wrapper\"><div class=\"ugb-container__side\"><div class=\"ugb-container__content-wrapper ugb-8dda971-content-wrapper\">\n<div class=\"wp-block-columns bs-news-page is-layout-flex wp-block-columns-is-layout-flex\">\n<div class=\"wp-block-column bs-kontakt-photo is-layout-flow wp-block-column-is-layout-flow\">\n<figure class=\"wp-block-image size-large\"><img loading=\"lazy\" decoding=\"async\" width=\"1024\" height=\"683\" src=\"https:\/\/clest.uwr.edu.pl\/wp-content\/uploads\/sites\/607\/2022\/04\/d-1024x683.jpg\" alt=\".\" class=\"wp-image-14884\" srcset=\"https:\/\/clest.uwr.edu.pl\/wp-content\/uploads\/sites\/607\/2022\/04\/d-1024x683.jpg 1024w, https:\/\/clest.uwr.edu.pl\/wp-content\/uploads\/sites\/607\/2022\/04\/d-300x200.jpg 300w, https:\/\/clest.uwr.edu.pl\/wp-content\/uploads\/sites\/607\/2022\/04\/d-768x512.jpg 768w, https:\/\/clest.uwr.edu.pl\/wp-content\/uploads\/sites\/607\/2022\/04\/d-1536x1024.jpg 1536w, https:\/\/clest.uwr.edu.pl\/wp-content\/uploads\/sites\/607\/2022\/04\/d-1320x880.jpg 1320w, https:\/\/clest.uwr.edu.pl\/wp-content\/uploads\/sites\/607\/2022\/04\/d-24x16.jpg 24w, https:\/\/clest.uwr.edu.pl\/wp-content\/uploads\/sites\/607\/2022\/04\/d-36x24.jpg 36w, https:\/\/clest.uwr.edu.pl\/wp-content\/uploads\/sites\/607\/2022\/04\/d-48x32.jpg 48w, https:\/\/clest.uwr.edu.pl\/wp-content\/uploads\/sites\/607\/2022\/04\/d.jpg 1773w\" sizes=\"auto, (max-width: 1024px) 100vw, 1024px\" \/><\/figure>\n<\/div>\n\n\n\n<div class=\"wp-block-column bs-contact-right-column is-layout-flow wp-block-column-is-layout-flow\">\n<div class=\"wp-block-bonasoft-modular-breadcrumbs-block\"><div class=\"bs_add_breadcrumb_trail\"><\/div><\/div>\n\n\n\n<hr class=\"wp-block-separator has-text-color has-black-color has-css-opacity has-black-background-color has-background is-style-wide bs-border-kontakt\"\/>\n\n\n\n<h1 class=\"wp-block-heading bs-naglowek-podstrony\"><strong>Kamil Soba\u0144ski<\/strong><\/h1>\n\n\n\n<p>Kamil Soba\u0144ski is a PhD student at the <a href=\"https:\/\/clest.uwr.edu.pl\/\">Digital Justice Center<\/a>.<\/p>\n\n\n\n<p>Kamil Soba\u0144ski received his master\u2019s degree in law from the <a href=\"https:\/\/uwr.edu.pl\/en\/\">University of Wroc\u0142aw<\/a>. Kamil wrote his master&#8217;s thesis at the <a href=\"https:\/\/prawo.uni.wroc.pl\/taxonomy\/term\/123\">Chair of International and European Law<\/a>. His paper involved using remote methods in proceedings before the International Criminal Court. <\/p>\n\n\n\n<p>During his studies he was the president of <a href=\"https:\/\/www.facebook.com\/SKNPMiE\/\">Science Circle of International and European Law<\/a> and a member of <a href=\"https:\/\/www.facebook.com\/knprawczlowieka\">Science Cricle of Human Rights<\/a> and <a href=\"https:\/\/www.facebook.com\/Debatyuwr\/\">Debate Club<\/a>.<\/p>\n\n\n\n<p>Kamil was also a member of <a href=\"https:\/\/old.uni.wroc.pl\/dzialalnosc-studencka__trashed-5\/samorzad-studentow\/\">the Student Parliament<\/a>, <a href=\"https:\/\/prawo.uni.wroc.pl\/rada-wydzialu\">the Council of the Faculty of Law, Administration and Economics<\/a> (as a student representative) and <a href=\"https:\/\/www.facebook.com\/samorzadWPAiEUWr\">Student Council of the Faculty of Law, Administration and Economics<\/a> (as a faculty student representative).<\/p>\n\n\n\n<p>He gained his practical experience as a trainee at <a href=\"https:\/\/bip.brpo.gov.pl\/en\">the Office of the Commisioner for Human Rights<\/a> (Poland), where he considered Criminal Law, Criminal Procedure and Penal Enforcement cases. Kamil was also a trainee in law firm specialized in criminal cases. He was a member of University Legal Clinic. Kamil was also a Student Research Assistant at the Digital Justice Center.<\/p>\n\n\n\n<p>Kamil gained his international experience by participating in a one-  semester Erasmus + programme at the <a href=\"https:\/\/www.uliege.be\/cms\/c_8699436\/en\/uliege\">University of Li\u00e8ge<\/a> (Belgium). Kamil has also participated in international summer schools. He is also a volunteer at the <a href=\"https:\/\/projectsunflowers.org\/\">Project Sunflowers<\/a>. <\/p>\n\n\n\n<p>His research is focused on International Criminal Law (especially procedural aspects), Criminal Procedure and the influence of new technologies on the criminal justice systems.&nbsp;<\/p>\n<\/div>\n<\/div>\n\n\n\n<div class=\"wp-block-ugb-container ugb-container bs-news-page-under ugb-f8694ce ugb-container--v2 ugb-container--design-plain ugb-main-block\"><div class=\"ugb-inner-block\"><div class=\"ugb-block-content\"><div class=\"ugb-container__wrapper ugb-f8694ce-wrapper\"><div class=\"ugb-container__side\"><div class=\"ugb-container__content-wrapper ugb-f8694ce-content-wrapper\">\n<p><br><\/p>\n<\/div><\/div><\/div><\/div><\/div><\/div>\n<\/div><\/div><\/div><\/div><\/div><\/div>\n\n\n\n<p><\/p>\n\n\n\n<p><\/p>\n\n\n\n<p><\/p>\n\n\n\n<p><\/p>\n\n\n\n<p><\/p>\n\n\n\n<p><\/p>\n\n\n\n<p><\/p>\n","protected":false},"excerpt":{"rendered":"<p>Kamil Soba\u0144ski Kamil Soba\u0144ski is a PhD student at the Digital Justice Center. Kamil Soba\u0144ski received his master\u2019s degree in law from the University of Wroc\u0142aw. Kamil wrote his master&#8217;s thesis at the Chair of International and European Law. His paper involved using remote methods in proceedings before the International Criminal Court. During his studies [&hellip;]<\/p>\n","protected":false},"author":20,"featured_media":0,"parent":12986,"menu_order":2,"comment_status":"closed","ping_status":"closed","template":"","meta":{"_acf_changed":false,"inline_featured_image":false,"site-sidebar-layout":"default","site-content-layout":"","ast-site-content-layout":"default","site-content-style":"default","site-sidebar-style":"default","ast-global-header-display":"","ast-banner-title-visibility":"","ast-main-header-display":"","ast-hfb-above-header-display":"","ast-hfb-below-header-display":"","ast-hfb-mobile-header-display":"","site-post-title":"","ast-breadcrumbs-content":"","ast-featured-img":"","footer-sml-layout":"","ast-disable-related-posts":"","theme-transparent-header-meta":"","adv-header-id-meta":"","stick-header-meta":"","header-above-stick-meta":"","header-main-stick-meta":"","header-below-stick-meta":"","astra-migrate-meta-layouts":"default","ast-page-background-enabled":"default","ast-page-background-meta":{"desktop":{"background-color":"","background-image":"","background-repeat":"repeat","background-position":"center center","background-size":"auto","background-attachment":"scroll","background-type":"","background-media":"","overlay-type":"","overlay-color":"","overlay-opacity":"","overlay-gradient":""},"tablet":{"background-color":"","background-image":"","background-repeat":"repeat","background-position":"center center","background-size":"auto","background-attachment":"scroll","background-type":"","background-media":"","overlay-type":"","overlay-color":"","overlay-opacity":"","overlay-gradient":""},"mobile":{"background-color":"","background-image":"","background-repeat":"repeat","background-position":"center center","background-size":"auto","background-attachment":"scroll","background-type":"","background-media":"","overlay-type":"","overlay-color":"","overlay-opacity":"","overlay-gradient":""}},"ast-content-background-meta":{"desktop":{"background-color":"var(--ast-global-color-5)","background-image":"","background-repeat":"repeat","background-position":"center center","background-size":"auto","background-attachment":"scroll","background-type":"","background-media":"","overlay-type":"","overlay-color":"","overlay-opacity":"","overlay-gradient":""},"tablet":{"background-color":"var(--ast-global-color-5)","background-image":"","background-repeat":"repeat","background-position":"center center","background-size":"auto","background-attachment":"scroll","background-type":"","background-media":"","overlay-type":"","overlay-color":"","overlay-opacity":"","overlay-gradient":""},"mobile":{"background-color":"var(--ast-global-color-5)","background-image":"","background-repeat":"repeat","background-position":"center center","background-size":"auto","background-attachment":"scroll","background-type":"","background-media":"","overlay-type":"","overlay-color":"","overlay-opacity":"","overlay-gradient":""}},"footnotes":""},"categories":[],"tags":[],"class_list":["post-14278","page","type-page","status-publish","hentry"],"featured_image_urls_v2":{"full":"","thumbnail":"","medium":"","medium_large":"","large":"","1536x1536":"","2048x2048":"","menu-24x24":"","menu-36x36":"","menu-48x48":""},"post_excerpt_stackable_v2":"<p>Kamil Soba\u0144ski Kamil Soba\u0144ski is a PhD student at the Digital Justice Center. Kamil Soba\u0144ski received his master\u2019s degree in law from the University of Wroc\u0142aw. Kamil wrote his master&#8217;s thesis at the Chair of International and European Law. His paper involved using remote methods in proceedings before the International Criminal Court. During his studies he was the president of Science Circle of International and European Law and a member of Science Cricle of Human Rights and Debate Club. Kamil was also a member of the Student Parliament, the Council of the Faculty of Law, Administration and Economics (as a&hellip;<\/p>\n","category_list_v2":"Uncategorized","author_info_v2":{"name":"mmatlinski","url":"https:\/\/clest.uwr.edu.pl\/en\/author\/mmatlinski\/"},"comments_num_v2":"0 comments","acf":[],"yoast_head":"<!-- This site is optimized with the Yoast SEO plugin v27.1.1 - https:\/\/yoast.com\/product\/yoast-seo-wordpress\/ -->\n<title>Kamil Soba\u0144ski - Centre for Legal Education and Social Theory<\/title>\n<meta name=\"description\" content=\"The Digital Justice Center was established as part of the \u201cExcellence Initiative \u2013 Research University\u201d program at the University of Wroclaw which is one of ten Research Universities in Poland.\" \/>\n<meta name=\"robots\" content=\"index, follow, max-snippet:-1, max-image-preview:large, max-video-preview:-1\" \/>\n<link rel=\"canonical\" href=\"https:\/\/clest.uwr.edu.pl\/en\/affiliated-researchers\/kamil-sobanski\/\" \/>\n<meta property=\"og:locale\" content=\"en_US\" \/>\n<meta property=\"og:type\" content=\"article\" \/>\n<meta property=\"og:title\" content=\"Kamil Soba\u0144ski - Centre for Legal Education and Social Theory\" \/>\n<meta property=\"og:description\" content=\"The Digital Justice Center was established as part of the \u201cExcellence Initiative \u2013 Research University\u201d program at the University of Wroclaw which is one of ten Research Universities in Poland.\" \/>\n<meta property=\"og:url\" content=\"https:\/\/clest.uwr.edu.pl\/en\/affiliated-researchers\/kamil-sobanski\/\" \/>\n<meta property=\"og:site_name\" content=\"Centre for Legal Education and Social Theory\" \/>\n<meta property=\"article:modified_time\" content=\"2023-12-14T16:39:36+00:00\" \/>\n<meta property=\"og:image\" content=\"https:\/\/clest.uwr.edu.pl\/wp-content\/uploads\/sites\/607\/2022\/04\/d-1024x683.jpg\" \/>\n<meta name=\"twitter:card\" content=\"summary_large_image\" \/>\n<meta name=\"twitter:label1\" content=\"Est. reading time\" \/>\n\t<meta name=\"twitter:data1\" content=\"2 minutes\" \/>\n<script type=\"application\/ld+json\" class=\"yoast-schema-graph\">{\"@context\":\"https:\/\/schema.org\",\"@graph\":[{\"@type\":\"WebPage\",\"@id\":\"https:\/\/clest.uwr.edu.pl\/en\/affiliated-researchers\/kamil-sobanski\/\",\"url\":\"https:\/\/clest.uwr.edu.pl\/en\/affiliated-researchers\/kamil-sobanski\/\",\"name\":\"Kamil Soba\u0144ski - Centre for Legal Education and Social Theory\",\"isPartOf\":{\"@id\":\"https:\/\/clest.uwr.edu.pl\/en\/#website\"},\"primaryImageOfPage\":{\"@id\":\"https:\/\/clest.uwr.edu.pl\/en\/affiliated-researchers\/kamil-sobanski\/#primaryimage\"},\"image\":{\"@id\":\"https:\/\/clest.uwr.edu.pl\/en\/affiliated-researchers\/kamil-sobanski\/#primaryimage\"},\"thumbnailUrl\":\"https:\/\/clest.uwr.edu.pl\/wp-content\/uploads\/sites\/607\/2022\/04\/d-1024x683.jpg\",\"datePublished\":\"2022-02-16T10:43:53+00:00\",\"dateModified\":\"2023-12-14T16:39:36+00:00\",\"description\":\"The Digital Justice Center was established as part of the \u201cExcellence Initiative \u2013 Research University\u201d program at the University of Wroclaw which is one of ten Research Universities in Poland.\",\"breadcrumb\":{\"@id\":\"https:\/\/clest.uwr.edu.pl\/en\/affiliated-researchers\/kamil-sobanski\/#breadcrumb\"},\"inLanguage\":\"en-US\",\"potentialAction\":[{\"@type\":\"ReadAction\",\"target\":[\"https:\/\/clest.uwr.edu.pl\/en\/affiliated-researchers\/kamil-sobanski\/\"]}]},{\"@type\":\"ImageObject\",\"inLanguage\":\"en-US\",\"@id\":\"https:\/\/clest.uwr.edu.pl\/en\/affiliated-researchers\/kamil-sobanski\/#primaryimage\",\"url\":\"https:\/\/clest.uwr.edu.pl\/wp-content\/uploads\/sites\/607\/2022\/04\/d-1024x683.jpg\",\"contentUrl\":\"https:\/\/clest.uwr.edu.pl\/wp-content\/uploads\/sites\/607\/2022\/04\/d-1024x683.jpg\"},{\"@type\":\"BreadcrumbList\",\"@id\":\"https:\/\/clest.uwr.edu.pl\/en\/affiliated-researchers\/kamil-sobanski\/#breadcrumb\",\"itemListElement\":[{\"@type\":\"ListItem\",\"position\":1,\"name\":\"Main Page\",\"item\":\"https:\/\/clest.uwr.edu.pl\/en\/\"},{\"@type\":\"ListItem\",\"position\":2,\"name\":\"Affiliated Researchers\",\"item\":\"https:\/\/clest.uwr.edu.pl\/en\/affiliated-researchers\/\"},{\"@type\":\"ListItem\",\"position\":3,\"name\":\"Kamil Soba\u0144ski\"}]},{\"@type\":\"WebSite\",\"@id\":\"https:\/\/clest.uwr.edu.pl\/en\/#website\",\"url\":\"https:\/\/clest.uwr.edu.pl\/en\/\",\"name\":\"Centre for Legal Education and Social Theory\",\"description\":\"Kolejna witryna sieci \u201eUWR Witryny\u201d\",\"publisher\":{\"@id\":\"https:\/\/clest.uwr.edu.pl\/en\/#organization\"},\"potentialAction\":[{\"@type\":\"SearchAction\",\"target\":{\"@type\":\"EntryPoint\",\"urlTemplate\":\"https:\/\/clest.uwr.edu.pl\/en\/?s={search_term_string}\"},\"query-input\":{\"@type\":\"PropertyValueSpecification\",\"valueRequired\":true,\"valueName\":\"search_term_string\"}}],\"inLanguage\":\"en-US\"},{\"@type\":\"Organization\",\"@id\":\"https:\/\/clest.uwr.edu.pl\/en\/#organization\",\"name\":\"Centre for Legal Education and Social Theory\",\"url\":\"https:\/\/clest.uwr.edu.pl\/en\/\",\"logo\":{\"@type\":\"ImageObject\",\"inLanguage\":\"en-US\",\"@id\":\"https:\/\/clest.uwr.edu.pl\/en\/#\/schema\/logo\/image\/\",\"url\":\"https:\/\/clest.uwr.edu.pl\/wp-content\/uploads\/sites\/607\/2021\/04\/Warstwa_x0020_1@2x-1024x327-1.png\",\"contentUrl\":\"https:\/\/clest.uwr.edu.pl\/wp-content\/uploads\/sites\/607\/2021\/04\/Warstwa_x0020_1@2x-1024x327-1.png\",\"width\":1024,\"height\":327,\"caption\":\"Centre for Legal Education and Social Theory\"},\"image\":{\"@id\":\"https:\/\/clest.uwr.edu.pl\/en\/#\/schema\/logo\/image\/\"}}]}<\/script>\n<!-- \/ Yoast SEO plugin. -->","yoast_head_json":{"title":"Kamil Soba\u0144ski - Centre for Legal Education and Social Theory","description":"The Digital Justice Center was established as part of the \u201cExcellence Initiative \u2013 Research University\u201d program at the University of Wroclaw which is one of ten Research Universities in Poland.","robots":{"index":"index","follow":"follow","max-snippet":"max-snippet:-1","max-image-preview":"max-image-preview:large","max-video-preview":"max-video-preview:-1"},"canonical":"https:\/\/clest.uwr.edu.pl\/en\/affiliated-researchers\/kamil-sobanski\/","og_locale":"en_US","og_type":"article","og_title":"Kamil Soba\u0144ski - Centre for Legal Education and Social Theory","og_description":"The Digital Justice Center was established as part of the \u201cExcellence Initiative \u2013 Research University\u201d program at the University of Wroclaw which is one of ten Research Universities in Poland.","og_url":"https:\/\/clest.uwr.edu.pl\/en\/affiliated-researchers\/kamil-sobanski\/","og_site_name":"Centre for Legal Education and Social Theory","article_modified_time":"2023-12-14T16:39:36+00:00","og_image":[{"url":"https:\/\/clest.uwr.edu.pl\/wp-content\/uploads\/sites\/607\/2022\/04\/d-1024x683.jpg","type":"","width":"","height":""}],"twitter_card":"summary_large_image","twitter_misc":{"Est. reading time":"2 minutes"},"schema":{"@context":"https:\/\/schema.org","@graph":[{"@type":"WebPage","@id":"https:\/\/clest.uwr.edu.pl\/en\/affiliated-researchers\/kamil-sobanski\/","url":"https:\/\/clest.uwr.edu.pl\/en\/affiliated-researchers\/kamil-sobanski\/","name":"Kamil Soba\u0144ski - Centre for Legal Education and Social Theory","isPartOf":{"@id":"https:\/\/clest.uwr.edu.pl\/en\/#website"},"primaryImageOfPage":{"@id":"https:\/\/clest.uwr.edu.pl\/en\/affiliated-researchers\/kamil-sobanski\/#primaryimage"},"image":{"@id":"https:\/\/clest.uwr.edu.pl\/en\/affiliated-researchers\/kamil-sobanski\/#primaryimage"},"thumbnailUrl":"https:\/\/clest.uwr.edu.pl\/wp-content\/uploads\/sites\/607\/2022\/04\/d-1024x683.jpg","datePublished":"2022-02-16T10:43:53+00:00","dateModified":"2023-12-14T16:39:36+00:00","description":"The Digital Justice Center was established as part of the \u201cExcellence Initiative \u2013 Research University\u201d program at the University of Wroclaw which is one of ten Research Universities in Poland.","breadcrumb":{"@id":"https:\/\/clest.uwr.edu.pl\/en\/affiliated-researchers\/kamil-sobanski\/#breadcrumb"},"inLanguage":"en-US","potentialAction":[{"@type":"ReadAction","target":["https:\/\/clest.uwr.edu.pl\/en\/affiliated-researchers\/kamil-sobanski\/"]}]},{"@type":"ImageObject","inLanguage":"en-US","@id":"https:\/\/clest.uwr.edu.pl\/en\/affiliated-researchers\/kamil-sobanski\/#primaryimage","url":"https:\/\/clest.uwr.edu.pl\/wp-content\/uploads\/sites\/607\/2022\/04\/d-1024x683.jpg","contentUrl":"https:\/\/clest.uwr.edu.pl\/wp-content\/uploads\/sites\/607\/2022\/04\/d-1024x683.jpg"},{"@type":"BreadcrumbList","@id":"https:\/\/clest.uwr.edu.pl\/en\/affiliated-researchers\/kamil-sobanski\/#breadcrumb","itemListElement":[{"@type":"ListItem","position":1,"name":"Main Page","item":"https:\/\/clest.uwr.edu.pl\/en\/"},{"@type":"ListItem","position":2,"name":"Affiliated Researchers","item":"https:\/\/clest.uwr.edu.pl\/en\/affiliated-researchers\/"},{"@type":"ListItem","position":3,"name":"Kamil Soba\u0144ski"}]},{"@type":"WebSite","@id":"https:\/\/clest.uwr.edu.pl\/en\/#website","url":"https:\/\/clest.uwr.edu.pl\/en\/","name":"Centre for Legal Education and Social Theory","description":"Kolejna witryna sieci \u201eUWR Witryny\u201d","publisher":{"@id":"https:\/\/clest.uwr.edu.pl\/en\/#organization"},"potentialAction":[{"@type":"SearchAction","target":{"@type":"EntryPoint","urlTemplate":"https:\/\/clest.uwr.edu.pl\/en\/?s={search_term_string}"},"query-input":{"@type":"PropertyValueSpecification","valueRequired":true,"valueName":"search_term_string"}}],"inLanguage":"en-US"},{"@type":"Organization","@id":"https:\/\/clest.uwr.edu.pl\/en\/#organization","name":"Centre for Legal Education and Social Theory","url":"https:\/\/clest.uwr.edu.pl\/en\/","logo":{"@type":"ImageObject","inLanguage":"en-US","@id":"https:\/\/clest.uwr.edu.pl\/en\/#\/schema\/logo\/image\/","url":"https:\/\/clest.uwr.edu.pl\/wp-content\/uploads\/sites\/607\/2021\/04\/Warstwa_x0020_1@2x-1024x327-1.png","contentUrl":"https:\/\/clest.uwr.edu.pl\/wp-content\/uploads\/sites\/607\/2021\/04\/Warstwa_x0020_1@2x-1024x327-1.png","width":1024,"height":327,"caption":"Centre for Legal Education and Social Theory"},"image":{"@id":"https:\/\/clest.uwr.edu.pl\/en\/#\/schema\/logo\/image\/"}}]}},"publishpress_future_action":{"enabled":false,"date":"2026-05-24 19:55:36","action":"change-status","newStatus":"draft","terms":[],"taxonomy":"category","extraData":[]},"publishpress_future_workflow_manual_trigger":{"enabledWorkflows":[]},"_links":{"self":[{"href":"https:\/\/clest.uwr.edu.pl\/en\/wp-json\/wp\/v2\/pages\/14278\/"}],"collection":[{"href":"https:\/\/clest.uwr.edu.pl\/en\/wp-json\/wp\/v2\/pages\/"}],"about":[{"href":"https:\/\/clest.uwr.edu.pl\/en\/wp-json\/wp\/v2\/types\/page\/"}],"author":[{"embeddable":true,"href":"https:\/\/clest.uwr.edu.pl\/en\/wp-json\/wp\/v2\/users\/20\/"}],"replies":[{"embeddable":true,"href":"https:\/\/clest.uwr.edu.pl\/en\/wp-json\/wp\/v2\/comments\/?post=14278"}],"version-history":[{"count":46,"href":"https:\/\/clest.uwr.edu.pl\/en\/wp-json\/wp\/v2\/pages\/14278\/revisions\/"}],"predecessor-version":[{"id":19551,"href":"https:\/\/clest.uwr.edu.pl\/en\/wp-json\/wp\/v2\/pages\/14278\/revisions\/19551\/"}],"up":[{"embeddable":true,"href":"https:\/\/clest.uwr.edu.pl\/en\/wp-json\/wp\/v2\/pages\/12986\/"}],"wp:attachment":[{"href":"https:\/\/clest.uwr.edu.pl\/en\/wp-json\/wp\/v2\/media\/?parent=14278"}],"wp:term":[{"taxonomy":"category","embeddable":true,"href":"https:\/\/clest.uwr.edu.pl\/en\/wp-json\/wp\/v2\/categories\/?post=14278"},{"taxonomy":"post_tag","embeddable":true,"href":"https:\/\/clest.uwr.edu.pl\/en\/wp-json\/wp\/v2\/tags\/?post=14278"}],"curies":[{"name":"wp","href":"https:\/\/api.w.org\/{rel}","templated":true}]}}